{"id":17,"date":"2025-12-21T04:48:23","date_gmt":"2025-12-21T04:48:23","guid":{"rendered":"https:\/\/ivory-barracuda-393310.hostingersite.com\/?page_id=17"},"modified":"2026-01-12T03:07:55","modified_gmt":"2026-01-12T03:07:55","slug":"booking","status":"publish","type":"page","link":"https:\/\/effervessence-test.com\/fr\/booking\/","title":{"rendered":"Booking"},"content":{"rendered":"<div data-elementor-type=\"wp-page\" data-elementor-id=\"17\" class=\"elementor elementor-17\">\n\t\t\t\t<div class=\"elementor-element elementor-element-05f1050 e-flex e-con-boxed e-con e-parent\" data-id=\"05f1050\" data-element_type=\"container\">\n\t\t\t\t\t<div class=\"e-con-inner\">\n\t\t\t\t<div class=\"elementor-element elementor-element-20a8182 elementor-widget elementor-widget-text-editor\" data-id=\"20a8182\" data-element_type=\"widget\" data-widget_type=\"text-editor.default\">\n\t\t\t\t\t\t\t\t\t<h3 data-start=\"279\" data-end=\"313\"><strong data-start=\"283\" data-end=\"313\">R\u00e9server un appel d\u00e9couverte gratuit<\/strong><\/h3><p data-start=\"315\" data-end=\"375\">Tous les accompagnements d\u00e9butent par un <strong data-start=\"341\" data-end=\"374\">appel d\u00e9couverte gratuit de 15 minutes<\/strong>.<\/p><p data-start=\"377\" data-end=\"533\">Ce premier \u00e9change est un espace doux pour faire connaissance, clarifier ce que tu traverses actuellement et voir ensemble si l\u2019accompagnement que je propose te correspond.<\/p><p data-start=\"535\" data-end=\"663\">Tu n\u2019as pas besoin d\u2019avoir toutes les r\u00e9ponses \u2014 l\u2019intention est simplement de se rencontrer, de poser tes questions et de sentir ce qui te semble le plus juste.<\/p><p data-start=\"665\" data-end=\"832\">Si nous d\u00e9cidons d\u2019avancer ensemble, les s\u00e9ances sont ensuite r\u00e9serv\u00e9es et r\u00e9gl\u00e9es via <strong data-start=\"751\" data-end=\"781\">un lien de paiement s\u00e9curis\u00e9 Stripe,<\/strong>en fonction de l\u2019accompagnement choisi.<\/p><hr data-start=\"834\" data-end=\"837\" \/><h3 data-start=\"839\" data-end=\"870\"><strong data-start=\"843\" data-end=\"870\">Quelques informations pratiques<\/strong><\/h3><p data-start=\"872\" data-end=\"993\"><strong data-start=\"872\" data-end=\"884\">Langue<\/strong><br data-start=\"884\" data-end=\"887\" \/>L\u2019appel d\u00e9couverte peut se d\u00e9rouler <strong data-start=\"921\" data-end=\"942\">en fran\u00e7ais ou en anglais<\/strong> \u2014 merci d\u2019indiquer ta pr\u00e9f\u00e9rence lors de la r\u00e9servation.<\/p><p data-start=\"995\" data-end=\"1085\"><strong data-start=\"995\" data-end=\"1008\">Fuseau horaire<\/strong><br data-start=\"1008\" data-end=\"1011\" \/>Tous les rendez-vous sont planifi\u00e9s en <strong data-start=\"1051\" data-end=\"1084\">heure de l\u2019Est de l\u2019Australie (AET).<\/strong>.<\/p><p data-start=\"1087\" data-end=\"1181\"><strong data-start=\"1087\" data-end=\"1110\">Politique d\u2019annulation<\/strong><br data-start=\"1110\" data-end=\"1113\" \/>Les appels peuvent \u00eatre report\u00e9s ou annul\u00e9s jusqu\u2019\u00e0 <strong data-start=\"1157\" data-end=\"1180\">24 heures \u00e0 l\u2019avance.<\/strong>.<\/p>\t\t\t\t\t\t\t\t<\/div>\n\t\t\t\t\t<\/div>\n\t\t\t\t<\/div>\n\t\t<div class=\"elementor-element elementor-element-d7d5a7d e-flex e-con-boxed e-con e-parent\" data-id=\"d7d5a7d\" data-element_type=\"container\">\n\t\t\t\t\t<div class=\"e-con-inner\">\n\t\t\t\t<div class=\"elementor-element elementor-element-fce1e72 elementor-widget elementor-widget-html\" data-id=\"fce1e72\" data-element_type=\"widget\" data-widget_type=\"html.default\">\n\t\t\t\t\t<!-- Calendly inline widget begin -->\r\n<div class=\"calendly-inline-widget\" data-url=\"https:\/\/calendly.com\/megane-salgado88\" style=\"min-width:320px;height:700px;\"><\/div>\r\n<script type=\"text\/javascript\" src=\"https:\/\/assets.calendly.com\/assets\/external\/widget.js\" async><\/script>\r\n<!-- Calendly inline widget end -->\t\t\t\t<\/div>\n\t\t\t\t\t<\/div>\n\t\t\t\t<\/div>\n\t\t\t\t<\/div>","protected":false},"excerpt":{"rendered":"<p>Book a free discovery call All sessions begin with a free 15-minute discovery call. This first conversation is a gentle [&hellip;]<\/p>","protected":false},"author":1,"featured_media":0,"parent":0,"menu_order":0,"comment_status":"closed","ping_status":"closed","template":"","meta":{"site-sidebar-layout":"no-sidebar","site-content-layout":"","ast-site-content-layout":"full-width-container","site-content-style":"default","site-sidebar-style":"default","ast-global-header-display":"","ast-banner-title-visibility":"","ast-main-header-display":"","ast-hfb-above-header-display":"","ast-hfb-below-header-display":"","ast-hfb-mobile-header-display":"","site-post-title":"","ast-breadcrumbs-content":"","ast-featured-img":"disabled","footer-sml-layout":"","ast-disable-related-posts":"","theme-transparent-header-meta":"","adv-header-id-meta":"","stick-header-meta":"","header-above-stick-meta":"","header-main-stick-meta":"","header-below-stick-meta":"","astra-migrate-meta-layouts":"default","ast-page-background-enabled":"default","ast-page-background-meta":{"desktop":{"background-color":"var(--ast-global-color-5)","background-image":"","background-repeat":"repeat","background-position":"center center","background-size":"auto","background-attachment":"scroll","background-type":"","background-media":"","overlay-type":"","overlay-color":"","overlay-opacity":"","overlay-gradient":""},"tablet":{"background-color":"","background-image":"","background-repeat":"repeat","background-position":"center center","background-size":"auto","background-attachment":"scroll","background-type":"","background-media":"","overlay-type":"","overlay-color":"","overlay-opacity":"","overlay-gradient":""},"mobile":{"background-color":"","background-image":"","background-repeat":"repeat","background-position":"center center","background-size":"auto","background-attachment":"scroll","background-type":"","background-media":"","overlay-type":"","overlay-color":"","overlay-opacity":"","overlay-gradient":""}},"ast-content-background-meta":{"desktop":{"background-color":"var(--ast-global-color-4)","background-image":"","background-repeat":"repeat","background-position":"center center","background-size":"auto","background-attachment":"scroll","background-type":"","background-media":"","overlay-type":"","overlay-color":"","overlay-opacity":"","overlay-gradient":""},"tablet":{"background-color":"var(--ast-global-color-4)","background-image":"","background-repeat":"repeat","background-position":"center center","background-size":"auto","background-attachment":"scroll","background-type":"","background-media":"","overlay-type":"","overlay-color":"","overlay-opacity":"","overlay-gradient":""},"mobile":{"background-color":"var(--ast-global-color-4)","background-image":"","background-repeat":"repeat","background-position":"center center","background-size":"auto","background-attachment":"scroll","background-type":"","background-media":"","overlay-type":"","overlay-color":"","overlay-opacity":"","overlay-gradient":""}},"footnotes":""},"class_list":["post-17","page","type-page","status-publish","hentry"],"_hostinger_reach_plugin_has_subscription_block":false,"_hostinger_reach_plugin_is_elementor":false,"_links":{"self":[{"href":"https:\/\/effervessence-test.com\/fr\/wp-json\/wp\/v2\/pages\/17","targetHints":{"allow":["GET"]}}],"collection":[{"href":"https:\/\/effervessence-test.com\/fr\/wp-json\/wp\/v2\/pages"}],"about":[{"href":"https:\/\/effervessence-test.com\/fr\/wp-json\/wp\/v2\/types\/page"}],"author":[{"embeddable":true,"href":"https:\/\/effervessence-test.com\/fr\/wp-json\/wp\/v2\/users\/1"}],"replies":[{"embeddable":true,"href":"https:\/\/effervessence-test.com\/fr\/wp-json\/wp\/v2\/comments?post=17"}],"version-history":[{"count":34,"href":"https:\/\/effervessence-test.com\/fr\/wp-json\/wp\/v2\/pages\/17\/revisions"}],"predecessor-version":[{"id":261,"href":"https:\/\/effervessence-test.com\/fr\/wp-json\/wp\/v2\/pages\/17\/revisions\/261"}],"wp:attachment":[{"href":"https:\/\/effervessence-test.com\/fr\/wp-json\/wp\/v2\/media?parent=17"}],"curies":[{"name":"wp","href":"https:\/\/api.w.org\/{rel}","templated":true}]}}