{"id":15,"date":"2025-12-21T04:48:09","date_gmt":"2025-12-21T04:48:09","guid":{"rendered":"https:\/\/ivory-barracuda-393310.hostingersite.com\/?page_id=15"},"modified":"2026-01-15T09:45:10","modified_gmt":"2026-01-15T09:45:10","slug":"services","status":"publish","type":"page","link":"https:\/\/effervessence-test.com\/fr\/services\/","title":{"rendered":"Services"},"content":{"rendered":"<div data-elementor-type=\"wp-page\" data-elementor-id=\"15\" class=\"elementor elementor-15\">\n\t\t\t\t<div class=\"elementor-element elementor-element-5741a08 e-flex e-con-boxed e-con e-parent\" data-id=\"5741a08\" data-element_type=\"container\">\n\t\t\t\t\t<div class=\"e-con-inner\">\n\t\t\t\t<div class=\"elementor-element elementor-element-aa2cd13 elementor-widget elementor-widget-heading\" data-id=\"aa2cd13\" data-element_type=\"widget\" data-widget_type=\"heading.default\">\n\t\t\t\t\t<h1 class=\"elementor-heading-title elementor-size-default\">Mes accompagnements<\/h1>\t\t\t\t<\/div>\n\t\t\t\t\t<\/div>\n\t\t\t\t<\/div>\n\t\t<div class=\"elementor-element elementor-element-5f9a719 e-flex e-con-boxed e-con e-parent\" data-id=\"5f9a719\" data-element_type=\"container\">\n\t\t\t\t\t<div class=\"e-con-inner\">\n\t\t\t\t<div class=\"elementor-element elementor-element-bbf793b elementor-widget elementor-widget-text-editor\" data-id=\"bbf793b\" data-element_type=\"widget\" data-widget_type=\"text-editor.default\">\n\t\t\t\t\t\t\t\t\t<p data-start=\"1184\" data-end=\"1355\">J\u2019accompagne des personnes qui traversent des p\u00e9riodes de transition, de burn-out ou de questionnement profond \u2014 lorsque tout semble plus lourd, flou ou d\u00e9connect\u00e9.<\/p><p data-start=\"1357\" data-end=\"1591\">Mon approche combine des outils issus du counselling et les enseignements du Human Design, afin de soutenir \u00e0 la fois le v\u00e9cu \u00e9motionnel et la compr\u00e9hension de soi.\nL\u2019objectif est de t\u2019aider \u00e0 avancer avec plus de clart\u00e9, de confiance et d\u2019alignement, \u00e0 ton rythme.<\/p>\t\t\t\t\t\t\t\t<\/div>\n\t\t\t\t<div class=\"elementor-element elementor-element-940494e elementor-widget elementor-widget-heading\" data-id=\"940494e\" data-element_type=\"widget\" data-widget_type=\"heading.default\">\n\t\t\t\t\t<h2 class=\"elementor-heading-title elementor-size-default\">Accompagnement individuel (1:1)<\/h2>\t\t\t\t<\/div>\n\t\t\t\t\t<\/div>\n\t\t\t\t<\/div>\n\t\t<div class=\"elementor-element elementor-element-d0d34c5 e-flex e-con-boxed e-con e-parent\" data-id=\"d0d34c5\" data-element_type=\"container\">\n\t\t\t\t\t<div class=\"e-con-inner\">\n\t\t\t\t<div class=\"elementor-element elementor-element-fa69b66 elementor-widget elementor-widget-text-editor\" data-id=\"fa69b66\" data-element_type=\"widget\" data-widget_type=\"text-editor.default\">\n\t\t\t\t\t\t\t\t\t<p data-start=\"1629\" data-end=\"1768\">Un espace d\u2019\u00e9coute et de soutien pour d\u00e9poser ce que tu traverses, comprendre ce qui se joue en profondeur, et te reconnecter \u00e0 tes propres ressources \u2014 sans pression ni jugement.<\/p><p data-start=\"1629\" data-end=\"1768\">\u00a0<\/p><h3 data-start=\"1770\" data-end=\"1793\"><strong data-start=\"1770\" data-end=\"1793\">Cet accompagnement est fait pour toi si :<\/strong><\/h3><ul data-start=\"1794\" data-end=\"1992\"><li data-start=\"1794\" data-end=\"1858\"><p data-start=\"1796\" data-end=\"1858\">tu te sens d\u00e9pass\u00e9\u00b7e, anxieux\u00b7se ou \u00e9motionnellement \u00e9puis\u00e9\u00b7e<\/p><\/li><li data-start=\"1859\" data-end=\"1917\"><p data-start=\"1861\" data-end=\"1917\">tu te remets d\u2019un burn-out ou d\u2019une p\u00e9riode d\u2019\u00e9puisement prolong\u00e9<\/p><\/li><li data-start=\"1918\" data-end=\"1992\"><p data-start=\"1920\" data-end=\"1992\">tu traverses un changement important (travail, identit\u00e9, relations, direction de vie)<\/p><\/li><\/ul><h3 data-start=\"1994\" data-end=\"2017\"><strong data-start=\"1994\" data-end=\"2017\">Ce que cet accompagnement t'apporter :<\/strong><\/h3><ul><li data-start=\"1976\" data-end=\"2008\"><p data-start=\"1978\" data-end=\"2008\">davantage de clart\u00e9 \u00e9motionnelle et d\u2019apaisement<\/p><\/li><li data-start=\"2009\" data-end=\"2055\"><p data-start=\"2011\" data-end=\"2055\">un sentiment d\u2019ancrage et de stabilit\u00e9 int\u00e9rieure<\/p><\/li><li data-start=\"2056\" data-end=\"2096\"><p data-start=\"2058\" data-end=\"2096\">le renforcement de la confiance en soi<\/p><\/li><li data-start=\"2097\" data-end=\"2141\"><p data-start=\"2099\" data-end=\"2141\">des \u00e9tapes concr\u00e8tes et r\u00e9alistes pour avancer<\/p><\/li><\/ul><p data-start=\"2213\" data-end=\"2257\"><strong data-start=\"2213\" data-end=\"2223\">Format<\/strong><br \/>En ligne (via Google Meet) - 60 min<\/p><p data-start=\"2259\" data-end=\"2279\"><strong style=\"font-style: inherit; letter-spacing: 0px;\" data-start=\"2259\" data-end=\"2279\">Investissement<\/strong><\/p><ul data-start=\"2280\" data-end=\"2355\"><li data-start=\"2280\" data-end=\"2316\"><p data-start=\"2282\" data-end=\"2316\">S\u00e9ance Initiale (70min) - 80 EUR - <strong data-start=\"2308\" data-end=\"2316\">$140<\/strong><\/p><\/li><li data-start=\"2317\" data-end=\"2355\"><p data-start=\"2319\" data-end=\"2355\">S\u00e9ance de suivi (60min) -  70 EUR - <strong data-start=\"2347\" data-end=\"2355\">$120<\/strong><\/p><\/li><\/ul>\t\t\t\t\t\t\t\t<\/div>\n\t\t\t\t<div class=\"elementor-element elementor-element-74ad1b7 elementor-widget elementor-widget-button\" data-id=\"74ad1b7\" data-element_type=\"widget\" data-widget_type=\"button.default\">\n\t\t\t\t\t\t\t\t\t\t<a class=\"elementor-button elementor-button-link elementor-size-sm\" href=\"https:\/\/calendly.com\/megane-salgado88\/appel-decouverte-fr\">\n\t\t\t\t\t\t<span class=\"elementor-button-content-wrapper\">\n\t\t\t\t\t\t\t\t\t<span class=\"elementor-button-text\">R\u00e9server un appel d\u00e9couverte gratuit <\/span>\n\t\t\t\t\t<\/span>\n\t\t\t\t\t<\/a>\n\t\t\t\t\t\t\t\t<\/div>\n\t\t\t\t<div class=\"elementor-element elementor-element-d45273f elementor-widget elementor-widget-heading\" data-id=\"d45273f\" data-element_type=\"widget\" data-widget_type=\"heading.default\">\n\t\t\t\t\t<h2 class=\"elementor-heading-title elementor-size-default\">Lecture de Human Design<\/h2>\t\t\t\t<\/div>\n\t\t\t\t\t<\/div>\n\t\t\t\t<\/div>\n\t\t<div class=\"elementor-element elementor-element-0ff1692 e-flex e-con-boxed e-con e-parent\" data-id=\"0ff1692\" data-element_type=\"container\">\n\t\t\t\t\t<div class=\"e-con-inner\">\n\t\t\t\t<div class=\"elementor-element elementor-element-de20593 elementor-widget elementor-widget-text-editor\" data-id=\"de20593\" data-element_type=\"widget\" data-widget_type=\"text-editor.default\">\n\t\t\t\t\t\t\t\t\t<p data-start=\"2390\" data-end=\"2562\">Une lecture personnalis\u00e9e de ton Human Design pour mieux comprendre ton fonctionnement naturel \u2014 ton \u00e9nergie, tes forces, ta mani\u00e8re de prendre des d\u00e9cisions, et ce qui te soutient dans une vie plus align\u00e9e.<\/p><p data-start=\"2655\" data-end=\"2685\">\u00a0<\/p><h3 data-start=\"2655\" data-end=\"2685\"><strong data-start=\"2655\" data-end=\"2685\">Cette lecture peut t\u2019aider \u00e0 :<\/strong><\/h3><ul data-start=\"2686\" data-end=\"2868\"><li data-start=\"2686\" data-end=\"2736\"><p data-start=\"2688\" data-end=\"2736\">mieux comprendre tes sch\u00e9mas et tes modes de fonctionnement<\/p><\/li><li data-start=\"2737\" data-end=\"2777\"><p data-start=\"2739\" data-end=\"2777\">r\u00e9duire les doutes et le jugement envers toi-m\u00eame<\/p><\/li><li data-start=\"2778\" data-end=\"2819\"><p data-start=\"2780\" data-end=\"2819\">prendre des d\u00e9cisions plus align\u00e9es<\/p><\/li><li data-start=\"2820\" data-end=\"2868\"><p data-start=\"2822\" data-end=\"2868\">te reconnecter \u00e0 ton \u00e9nergie et \u00e0 ton autorit\u00e9 int\u00e9rieure<\/p><\/li><\/ul><p data-start=\"2767\" data-end=\"2811\"><strong data-start=\"2767\" data-end=\"2777\">Format<\/strong><br \/>En ligne (via Google Meet) - 75 min<\/p><p data-start=\"2813\" data-end=\"2843\"><strong data-start=\"2813\" data-end=\"2843\">Options &amp; investment (AUD)<\/strong><\/p><ul data-start=\"2844\" data-end=\"2924\"><li data-start=\"2844\" data-end=\"2877\"><p data-start=\"2846\" data-end=\"2877\">S\u00e9ance seulement (75min) - 75 EUR - <strong data-start=\"2869\" data-end=\"2877\">$130<\/strong><\/p><\/li><li data-start=\"2878\" data-end=\"2924\"><p data-start=\"2880\" data-end=\"2924\">S\u00e9ance + PDF personalis\u00e9 (75min) - 90 EUR - <strong data-start=\"2916\" data-end=\"2924\">$155 <\/strong>(<em>Recommand\u00e9<\/em>)<\/p><\/li><\/ul><p data-start=\"2926\" data-end=\"2988\"><em data-start=\"2926\" data-end=\"2988\">Birth details are required for accuracy (date, time, place).<\/em><\/p>\t\t\t\t\t\t\t\t<\/div>\n\t\t\t\t<div class=\"elementor-element elementor-element-0cace33 elementor-widget elementor-widget-button\" data-id=\"0cace33\" data-element_type=\"widget\" data-widget_type=\"button.default\">\n\t\t\t\t\t\t\t\t\t\t<a class=\"elementor-button elementor-button-link elementor-size-sm\" href=\"https:\/\/calendly.com\/megane-salgado88\/appel-decouverte-fr\">\n\t\t\t\t\t\t<span class=\"elementor-button-content-wrapper\">\n\t\t\t\t\t\t\t\t\t<span class=\"elementor-button-text\">R\u00e9server un appel d\u00e9couverte gratuit <\/span>\n\t\t\t\t\t<\/span>\n\t\t\t\t\t<\/a>\n\t\t\t\t\t\t\t\t<\/div>\n\t\t\t\t<div class=\"elementor-element elementor-element-d8ece61 elementor-widget elementor-widget-heading\" data-id=\"d8ece61\" data-element_type=\"widget\" data-widget_type=\"heading.default\">\n\t\t\t\t\t<h2 class=\"elementor-heading-title elementor-size-default\">Efferv\u2019Essence \u2014 Coaching Program SIGNATURE<\/h2>\t\t\t\t<\/div>\n\t\t\t\t\t<\/div>\n\t\t\t\t<\/div>\n\t\t<div class=\"elementor-element elementor-element-04cf0c9 e-flex e-con-boxed e-con e-parent\" data-id=\"04cf0c9\" data-element_type=\"container\">\n\t\t\t\t\t<div class=\"e-con-inner\">\n\t\t\t\t<div class=\"elementor-element elementor-element-5f27a50 elementor-widget elementor-widget-text-editor\" data-id=\"5f27a50\" data-element_type=\"widget\" data-widget_type=\"text-editor.default\">\n\t\t\t\t\t\t\t\t\t<p data-start=\"3048\" data-end=\"3281\"><strong>Efferv\u2019Essence<\/strong> is my signature 1:1 journey for people who feel disconnected from themselves and want to rebuild clarity, confidence, and inner direction \u2014 especially after a period of burnout, emotional exhaustion, or feeling \u201clost\u201d.<\/p><p data-start=\"3283\" data-end=\"3427\">This is a deeper container that allows transformation to unfold over time, gently and sustainably \u2014 rather than trying to \u201cfix\u201d everything in one session.<\/p><p data-start=\"3429\" data-end=\"3467\">\u00a0<\/p><h3 data-start=\"3429\" data-end=\"3467\">This journey supports you to:<\/h3><ul><li data-start=\"3638\" data-end=\"3698\"><p data-start=\"3640\" data-end=\"3698\">reconnect with who you are beneath external expectations<\/p><\/li><li data-start=\"3699\" data-end=\"3754\"><p data-start=\"3701\" data-end=\"3754\">understand what has kept you stuck, with compassion<\/p><\/li><li data-start=\"3755\" data-end=\"3797\"><p data-start=\"3757\" data-end=\"3797\">rebuild self-trust and inner stability<\/p><\/li><li data-start=\"3798\" data-end=\"3865\"><p data-start=\"3800\" data-end=\"3865\">create a grounded path forward that feels realistic and aligned<\/p><\/li><li data-start=\"3866\" data-end=\"3925\"><p data-start=\"3868\" data-end=\"3925\">feel more present, energised, and confident in daily life<\/p><\/li><\/ul><p data-start=\"3738\" data-end=\"3875\"><strong data-start=\"3738\" data-end=\"3748\">Format<\/strong><br \/>4 sessions (75 min) across ~8 weeks + a 3-month follow-up session (60 min)<br data-start=\"3823\" data-end=\"3826\" \/>Support between sessions + personalised resources<\/p><p data-start=\"3877\" data-end=\"3967\"><strong data-start=\"3877\" data-end=\"3897\">Investissement<\/strong><br \/>Efferv\u2019Essence package(4+1 Sessions): <strong data-start=\"3922\" data-end=\"3930\">$650<\/strong><br data-start=\"3930\" data-end=\"3933\" \/><em>Payment plan available on request.<\/em><\/p>\t\t\t\t\t\t\t\t<\/div>\n\t\t\t\t\t<\/div>\n\t\t\t\t<\/div>\n\t\t<div class=\"elementor-element elementor-element-cf5335e e-flex e-con-boxed e-con e-parent\" data-id=\"cf5335e\" data-element_type=\"container\">\n\t\t\t\t\t<div class=\"e-con-inner\">\n\t\t\t\t<div class=\"elementor-element elementor-element-355e9b0 elementor-widget elementor-widget-heading\" data-id=\"355e9b0\" data-element_type=\"widget\" data-widget_type=\"heading.default\">\n\t\t\t\t\t<h2 class=\"elementor-heading-title elementor-size-default\">Tu ne sais pas par o\u00f9 commencer ?<\/h2>\t\t\t\t<\/div>\n\t\t\t\t\t<\/div>\n\t\t\t\t<\/div>\n\t\t<div class=\"elementor-element elementor-element-de2795b e-flex e-con-boxed e-con e-parent\" data-id=\"de2795b\" data-element_type=\"container\">\n\t\t\t\t\t<div class=\"e-con-inner\">\n\t\t\t\t<div class=\"elementor-element elementor-element-9b4d7e2 elementor-widget elementor-widget-text-editor\" data-id=\"9b4d7e2\" data-element_type=\"widget\" data-widget_type=\"text-editor.default\">\n\t\t\t\t\t\t\t\t\t<p>All services begin with a <strong data-start=\"4032\" data-end=\"4065\">appel d\u00e9couverte gratuit de 15 minutes<\/strong> to connect, clarify what you need, and explore what support would be most helpful for you.<\/p>\t\t\t\t\t\t\t\t<\/div>\n\t\t\t\t<div class=\"elementor-element elementor-element-6330884 elementor-widget elementor-widget-button\" data-id=\"6330884\" data-element_type=\"widget\" data-widget_type=\"button.default\">\n\t\t\t\t\t\t\t\t\t\t<a class=\"elementor-button elementor-button-link elementor-size-sm\" href=\"https:\/\/calendly.com\/megane-salgado88\/appel-decouverte-fr\">\n\t\t\t\t\t\t<span class=\"elementor-button-content-wrapper\">\n\t\t\t\t\t\t\t\t\t<span class=\"elementor-button-text\">R\u00e9server un appel d\u00e9couverte gratuit<\/span>\n\t\t\t\t\t<\/span>\n\t\t\t\t\t<\/a>\n\t\t\t\t\t\t\t\t<\/div>\n\t\t\t\t<div class=\"elementor-element elementor-element-bf55a25 fr-only elementor-widget elementor-widget-button\" data-id=\"bf55a25\" data-element_type=\"widget\" data-widget_type=\"button.default\">\n\t\t\t\t\t\t\t\t\t\t<a class=\"elementor-button elementor-button-link elementor-size-sm\" href=\"https:\/\/calendly.com\/megane-salgado88\/appel-decouverte-fr\">\n\t\t\t\t\t\t<span class=\"elementor-button-content-wrapper\">\n\t\t\t\t\t\t\t\t\t<span class=\"elementor-button-text\">R\u00e9server un appel d\u00e9couverte gratuit<\/span>\n\t\t\t\t\t<\/span>\n\t\t\t\t\t<\/a>\n\t\t\t\t\t\t\t\t<\/div>\n\t\t\t\t\t<\/div>\n\t\t\t\t<\/div>\n\t\t\t\t<\/div>","protected":false},"excerpt":{"rendered":"<p>My services I offer personalised support for people navigating life transitions, burnout recovery, and periods of inner questioning \u2014 when [&hellip;]<\/p>","protected":false},"author":1,"featured_media":0,"parent":0,"menu_order":0,"comment_status":"closed","ping_status":"closed","template":"","meta":{"site-sidebar-layout":"no-sidebar","site-content-layout":"","ast-site-content-layout":"full-width-container","site-content-style":"default","site-sidebar-style":"default","ast-global-header-display":"","ast-banner-title-visibility":"","ast-main-header-display":"","ast-hfb-above-header-display":"","ast-hfb-below-header-display":"","ast-hfb-mobile-header-display":"","site-post-title":"","ast-breadcrumbs-content":"","ast-featured-img":"disabled","footer-sml-layout":"","ast-disable-related-posts":"","theme-transparent-header-meta":"","adv-header-id-meta":"","stick-header-meta":"","header-above-stick-meta":"","header-main-stick-meta":"","header-below-stick-meta":"","astra-migrate-meta-layouts":"default","ast-page-background-enabled":"default","ast-page-background-meta":{"desktop":{"background-color":"var(--ast-global-color-5)","background-image":"","background-repeat":"repeat","background-position":"center center","background-size":"auto","background-attachment":"scroll","background-type":"","background-media":"","overlay-type":"","overlay-color":"","overlay-opacity":"","overlay-gradient":""},"tablet":{"background-color":"","background-image":"","background-repeat":"repeat","background-position":"center center","background-size":"auto","background-attachment":"scroll","background-type":"","background-media":"","overlay-type":"","overlay-color":"","overlay-opacity":"","overlay-gradient":""},"mobile":{"background-color":"","background-image":"","background-repeat":"repeat","background-position":"center center","background-size":"auto","background-attachment":"scroll","background-type":"","background-media":"","overlay-type":"","overlay-color":"","overlay-opacity":"","overlay-gradient":""}},"ast-content-background-meta":{"desktop":{"background-color":"var(--ast-global-color-4)","background-image":"","background-repeat":"repeat","background-position":"center center","background-size":"auto","background-attachment":"scroll","background-type":"","background-media":"","overlay-type":"","overlay-color":"","overlay-opacity":"","overlay-gradient":""},"tablet":{"background-color":"var(--ast-global-color-4)","background-image":"","background-repeat":"repeat","background-position":"center center","background-size":"auto","background-attachment":"scroll","background-type":"","background-media":"","overlay-type":"","overlay-color":"","overlay-opacity":"","overlay-gradient":""},"mobile":{"background-color":"var(--ast-global-color-4)","background-image":"","background-repeat":"repeat","background-position":"center center","background-size":"auto","background-attachment":"scroll","background-type":"","background-media":"","overlay-type":"","overlay-color":"","overlay-opacity":"","overlay-gradient":""}},"footnotes":""},"class_list":["post-15","page","type-page","status-publish","hentry"],"_hostinger_reach_plugin_has_subscription_block":false,"_hostinger_reach_plugin_is_elementor":false,"_links":{"self":[{"href":"https:\/\/effervessence-test.com\/fr\/wp-json\/wp\/v2\/pages\/15","targetHints":{"allow":["GET"]}}],"collection":[{"href":"https:\/\/effervessence-test.com\/fr\/wp-json\/wp\/v2\/pages"}],"about":[{"href":"https:\/\/effervessence-test.com\/fr\/wp-json\/wp\/v2\/types\/page"}],"author":[{"embeddable":true,"href":"https:\/\/effervessence-test.com\/fr\/wp-json\/wp\/v2\/users\/1"}],"replies":[{"embeddable":true,"href":"https:\/\/effervessence-test.com\/fr\/wp-json\/wp\/v2\/comments?post=15"}],"version-history":[{"count":73,"href":"https:\/\/effervessence-test.com\/fr\/wp-json\/wp\/v2\/pages\/15\/revisions"}],"predecessor-version":[{"id":321,"href":"https:\/\/effervessence-test.com\/fr\/wp-json\/wp\/v2\/pages\/15\/revisions\/321"}],"wp:attachment":[{"href":"https:\/\/effervessence-test.com\/fr\/wp-json\/wp\/v2\/media?parent=15"}],"curies":[{"name":"wp","href":"https:\/\/api.w.org\/{rel}","templated":true}]}}