{"id":13,"date":"2025-12-21T04:47:52","date_gmt":"2025-12-21T04:47:52","guid":{"rendered":"https:\/\/ivory-barracuda-393310.hostingersite.com\/?page_id=13"},"modified":"2026-01-15T09:12:16","modified_gmt":"2026-01-15T09:12:16","slug":"about","status":"publish","type":"page","link":"https:\/\/effervessence-test.com\/fr\/about\/","title":{"rendered":"\u00c0 propos"},"content":{"rendered":"<div data-elementor-type=\"wp-page\" data-elementor-id=\"13\" class=\"elementor elementor-13\">\n\t\t\t\t<div class=\"elementor-element elementor-element-81857dd e-flex e-con-boxed e-con e-parent\" data-id=\"81857dd\" data-element_type=\"container\">\n\t\t\t\t\t<div class=\"e-con-inner\">\n\t\t\t\t<div class=\"elementor-element elementor-element-81113c7 elementor-widget elementor-widget-heading\" data-id=\"81113c7\" data-element_type=\"widget\" data-widget_type=\"heading.default\">\n\t\t\t\t\t<h1 class=\"elementor-heading-title elementor-size-default\">\u00c0 propos<\/h1>\t\t\t\t<\/div>\n\t\t\t\t\t<\/div>\n\t\t\t\t<\/div>\n\t\t<div class=\"elementor-element elementor-element-13642a5 e-flex e-con-boxed e-con e-parent\" data-id=\"13642a5\" data-element_type=\"container\">\n\t\t\t\t\t<div class=\"e-con-inner\">\n\t\t\t\t<div class=\"elementor-element elementor-element-b6b30ff elementor-widget elementor-widget-text-editor\" data-id=\"b6b30ff\" data-element_type=\"widget\" data-widget_type=\"text-editor.default\">\n\t\t\t\t\t\t\t\t\t<p data-start=\"1159\" data-end=\"1382\">Je suis M\u00e9gane, praticienne en accompagnement et Human Design, et j\u2019accompagne des personnes qui se sentent d\u00e9pass\u00e9es, d\u00e9connect\u00e9es d\u2019elles-m\u00eames ou \u00e0 un tournant de leur vie \u2014 souvent apr\u00e8s un burn-out, une p\u00e9riode d\u2019\u00e9puisement prolong\u00e9 ou de profond questionnement.<\/p><p data-start=\"1384\" data-end=\"1579\">Je propose un espace calme et soutenant pour ralentir, mettre du sens sur ce que tu traverses, et te reconnecter \u00e0 toi-m\u00eame d\u2019une mani\u00e8re respectueuse, ancr\u00e9e et adapt\u00e9e \u00e0 ton rythme.<\/p>\t\t\t\t\t\t\t\t<\/div>\n\t\t\t\t\t<\/div>\n\t\t\t\t<\/div>\n\t\t<div class=\"elementor-element elementor-element-2b9822a e-flex e-con-boxed e-con e-parent\" data-id=\"2b9822a\" data-element_type=\"container\">\n\t\t\t\t\t<div class=\"e-con-inner\">\n\t\t\t\t<div class=\"elementor-element elementor-element-859b98c elementor-widget elementor-widget-heading\" data-id=\"859b98c\" data-element_type=\"widget\" data-widget_type=\"heading.default\">\n\t\t\t\t\t<h2 class=\"elementor-heading-title elementor-size-default\">Mon parcours<\/h2>\t\t\t\t<\/div>\n\t\t\t\t\t<\/div>\n\t\t\t\t<\/div>\n\t\t<div class=\"elementor-element elementor-element-b3cc754 e-flex e-con-boxed e-con e-parent\" data-id=\"b3cc754\" data-element_type=\"container\">\n\t\t\t\t\t<div class=\"e-con-inner\">\n\t\t\t\t<div class=\"elementor-element elementor-element-a6408f0 elementor-widget elementor-widget-text-editor\" data-id=\"a6408f0\" data-element_type=\"widget\" data-widget_type=\"text-editor.default\">\n\t\t\t\t\t\t\t\t\t<p data-start=\"1605\" data-end=\"1647\">Mon chemin vers cet accompagnement est intimement li\u00e9 \u00e0 mon histoire personnelle.<\/p><p data-start=\"1649\" data-end=\"1868\">J\u2019ai moi-m\u00eame travers\u00e9 un burn-out \u2014 ce moment o\u00f9 l\u2019on continue \u00e0 avancer co\u00fbte que co\u00fbte, en se coupant peu \u00e0 peu de son corps, de ses besoins, et de ce qui fait sens.<\/p><p data-start=\"1649\" data-end=\"1868\">\u00c0 cette p\u00e9riode, je me sentais \u00e9puis\u00e9e, perdue, et sans r\u00e9elle clart\u00e9 sur la suite.<\/p><p data-start=\"1649\" data-end=\"1868\">\u00a0<\/p><p data-start=\"1870\" data-end=\"2111\">La d\u00e9couverte du Human Design a \u00e9t\u00e9 un v\u00e9ritable point de bascule dans mon processus de reconstruction.<br data-start=\"1930\" data-end=\"1933\" \/>Cela m\u2019a apport\u00e9 des mots pour comprendre ce que je vivais, une autorisation \u00e0 cesser de me forcer dans des fonctionnements qui ne me correspondaient pas, et une compr\u00e9hension plus fine de mon \u00e9nergie et de mes besoins.<\/p><p data-start=\"2113\" data-end=\"2321\">\u00a0<\/p><p data-start=\"2113\" data-end=\"2321\">\u00c0 partir de l\u00e0, mon chemin s\u2019est naturellement \u00e9largi vers le counselling, les approches syst\u00e9miques et l\u2019accompagnement des p\u00e9riodes de transition \u2014 afin de pouvoir soutenir les autres de mani\u00e8re \u00e0 la fois \u00e9motionnelle, concr\u00e8te et durable.<\/p><p data-start=\"2323\" data-end=\"2380\">\u00a0<\/p><p data-start=\"2323\" data-end=\"2380\">Cette exp\u00e9rience v\u00e9cue influence profond\u00e9ment la mani\u00e8re dont j\u2019accompagne aujourd\u2019hui.<\/p>\t\t\t\t\t\t\t\t<\/div>\n\t\t\t\t\t<\/div>\n\t\t\t\t<\/div>\n\t\t<div class=\"elementor-element elementor-element-cb0647b e-flex e-con-boxed e-con e-parent\" data-id=\"cb0647b\" data-element_type=\"container\">\n\t\t\t\t\t<div class=\"e-con-inner\">\n\t\t\t\t<div class=\"elementor-element elementor-element-811435d elementor-widget elementor-widget-heading\" data-id=\"811435d\" data-element_type=\"widget\" data-widget_type=\"heading.default\">\n\t\t\t\t\t<h2 class=\"elementor-heading-title elementor-size-default\">Ma mani\u00e8re de travailler<\/h2>\t\t\t\t<\/div>\n\t\t\t\t\t<\/div>\n\t\t\t\t<\/div>\n\t\t<div class=\"elementor-element elementor-element-2ceef7e e-flex e-con-boxed e-con e-parent\" data-id=\"2ceef7e\" data-element_type=\"container\">\n\t\t\t\t\t<div class=\"e-con-inner\">\n\t\t\t\t<div class=\"elementor-element elementor-element-940d9dc elementor-widget elementor-widget-text-editor\" data-id=\"940d9dc\" data-element_type=\"widget\" data-widget_type=\"text-editor.default\">\n\t\t\t\t\t\t\t\t\t<p data-start=\"2406\" data-end=\"2457\">Mon approche est douce, collaborative et ancr\u00e9e.<\/p><p data-start=\"2459\" data-end=\"2689\">Je ne crois pas qu\u2019il faille \u201cr\u00e9parer\u201d les personnes ou les pousser \u00e0 changer avant qu\u2019elles ne soient pr\u00eates.<\/p><p data-start=\"2459\" data-end=\"2689\">J\u2019accompagne plut\u00f4t un processus de compr\u00e9hension de soi, d\u2019accueil de ce qui est pr\u00e9sent, et de reconnexion progressive \u00e0 ses propres ressources.<\/p><p data-start=\"2691\" data-end=\"2726\">Selon tes besoins, je m\u2019appuie sur :<\/p><ul data-start=\"2727\" data-end=\"2883\"><li data-start=\"2727\" data-end=\"2748\"><p data-start=\"2729\" data-end=\"2748\">des outils issus du counselling<\/p><\/li><li data-start=\"2749\" data-end=\"2780\"><p data-start=\"2751\" data-end=\"2780\">des approches syst\u00e9miques et familiales<\/p><\/li><li data-start=\"2781\" data-end=\"2820\"><p data-start=\"2783\" data-end=\"2820\">une sensibilit\u00e9 aux th\u00e9matiques du deuil et de la perte<\/p><\/li><li data-start=\"2821\" data-end=\"2883\"><p data-start=\"2823\" data-end=\"2883\">le Human Design comme outil de connaissance de soi et d\u2019alignement<\/p><\/li><\/ul><p data-start=\"2885\" data-end=\"2989\">Les s\u00e9ances sont des espaces o\u00f9 tu es accueilli\u00b7e dans ta globalit\u00e9 \u2014 sans jugement, sans pression, et sans attentes \u00e0 performer.<\/p>\t\t\t\t\t\t\t\t<\/div>\n\t\t\t\t<div class=\"elementor-element elementor-element-f57b249 elementor-widget elementor-widget-heading\" data-id=\"f57b249\" data-element_type=\"widget\" data-widget_type=\"heading.default\">\n\t\t\t\t\t<h2 class=\"elementor-heading-title elementor-size-default\">Formations &amp; certifications<\/h2>\t\t\t\t<\/div>\n\t\t\t\t<div class=\"elementor-element elementor-element-09cf25d elementor-widget elementor-widget-text-editor\" data-id=\"09cf25d\" data-element_type=\"widget\" data-widget_type=\"text-editor.default\">\n\t\t\t\t\t\t\t\t\t<p data-start=\"3030\" data-end=\"3060\">Je suis form\u00e9e et certifi\u00e9e dans les domaines suivants :<\/p><ul data-start=\"3062\" data-end=\"3191\"><li data-start=\"3062\" data-end=\"3088\"><p data-start=\"3064\" data-end=\"3088\">Dipl\u00f4me de Counselling<\/p><\/li><li data-start=\"3089\" data-end=\"3111\"><p data-start=\"3091\" data-end=\"3111\">Specialit\u00e9 - Th\u00e9rapie Familiale<\/p><\/li><li data-start=\"3112\" data-end=\"3132\"><p data-start=\"3114\" data-end=\"3132\">Specialit\u00e9 - Deuil &amp; Perte<\/p><\/li><li data-start=\"3133\" data-end=\"3151\"><p data-start=\"3135\" data-end=\"3151\">Specialit\u00e9 -  Addictions<\/p><\/li><li data-start=\"3152\" data-end=\"3191\"><p data-start=\"3154\" data-end=\"3191\">Certification en Human Design<\/p><\/li><\/ul><p data-start=\"3193\" data-end=\"3314\">Je poursuis \u00e9galement un processus de formation continue et de supervision afin de garantir un accompagnement \u00e9thique, inform\u00e9 et centr\u00e9 sur la personne.<\/p>\t\t\t\t\t\t\t\t<\/div>\n\t\t\t\t\t<\/div>\n\t\t\t\t<\/div>\n\t\t<div class=\"elementor-element elementor-element-14f1bc0 e-flex e-con-boxed e-con e-parent\" data-id=\"14f1bc0\" data-element_type=\"container\">\n\t\t\t\t\t<div class=\"e-con-inner\">\n\t\t\t\t<div class=\"elementor-element elementor-element-8836d81 elementor-widget elementor-widget-heading\" data-id=\"8836d81\" data-element_type=\"widget\" data-widget_type=\"heading.default\">\n\t\t\t\t\t<h2 class=\"elementor-heading-title elementor-size-default\">Exp\u00e9rience &amp; accompagnement<\/h2>\t\t\t\t<\/div>\n\t\t\t\t\t<\/div>\n\t\t\t\t<\/div>\n\t\t<div class=\"elementor-element elementor-element-8a2a477 e-flex e-con-boxed e-con e-parent\" data-id=\"8a2a477\" data-element_type=\"container\">\n\t\t\t\t\t<div class=\"e-con-inner\">\n\t\t\t\t<div class=\"elementor-element elementor-element-da8689f elementor-widget elementor-widget-text-editor\" data-id=\"da8689f\" data-element_type=\"widget\" data-widget_type=\"text-editor.default\">\n\t\t\t\t\t\t\t\t\t<p data-start=\"3349\" data-end=\"3484\">Au fil des ann\u00e9es, j\u2019ai accompagn\u00e9 de nombreuses personnes \u00e0 travers des p\u00e9riodes de burn-out, de surcharge \u00e9motionnelle, de perte de rep\u00e8res et de transitions de vie importantes.<\/p><p data-start=\"3486\" data-end=\"3640\">Chaque parcours est unique, mais ce qui revient souvent est le besoin de se retrouver, de retrouver de la clart\u00e9, et d\u2019avancer avec davantage de confiance et de justesse.<\/p><p data-start=\"3642\" data-end=\"3752\">C\u2019est un v\u00e9ritable privil\u00e8ge pour moi de pouvoir accompagner ces moments sensibles et profond\u00e9ment transformateurs.<\/p>\t\t\t\t\t\t\t\t<\/div>\n\t\t\t\t<div class=\"elementor-element elementor-element-7102725 elementor-widget elementor-widget-heading\" data-id=\"7102725\" data-element_type=\"widget\" data-widget_type=\"heading.default\">\n\t\t\t\t\t<h2 class=\"elementor-heading-title elementor-size-default\">Si cela r\u00e9sonne pour toi<\/h2>\t\t\t\t<\/div>\n\t\t\t\t<div class=\"elementor-element elementor-element-9f4a415 elementor-widget elementor-widget-text-editor\" data-id=\"9f4a415\" data-element_type=\"widget\" data-widget_type=\"text-editor.default\">\n\t\t\t\t\t\t\t\t\t<p data-start=\"3922\" data-end=\"3981\">Tu n\u2019as pas besoin d\u2019avoir toutes les r\u00e9ponses pour faire un premier pas.<\/p><p data-start=\"3983\" data-end=\"4194\">\u00a0<\/p><p data-start=\"3983\" data-end=\"4194\">Si tu ressens l\u2019\u00e9lan d\u2019explorer ce que cet accompagnement pourrait t\u2019apporter, nous pouvons commencer par un <strong data-start=\"4070\" data-end=\"4103\">appel d\u00e9couverte gratuit de 15 minutes<\/strong> - un espace doux pour faire connaissance, poser tes questions et sentir si cela te correspond.<\/p>\t\t\t\t\t\t\t\t<\/div>\n\t\t\t\t<div class=\"elementor-element elementor-element-c751476 elementor-widget elementor-widget-button\" data-id=\"c751476\" data-element_type=\"widget\" data-widget_type=\"button.default\">\n\t\t\t\t\t\t\t\t\t\t<a class=\"elementor-button elementor-button-link elementor-size-sm\" href=\"https:\/\/calendly.com\/megane-salgado88\/appel-decouverte-fr\">\n\t\t\t\t\t\t<span class=\"elementor-button-content-wrapper\">\n\t\t\t\t\t\t\t\t\t<span class=\"elementor-button-text\">R\u00e9server un appel d\u00e9couverte gratuit<\/span>\n\t\t\t\t\t<\/span>\n\t\t\t\t\t<\/a>\n\t\t\t\t\t\t\t\t<\/div>\n\t\t\t\t\t<\/div>\n\t\t\t\t<\/div>\n\t\t\t\t<\/div>","protected":false},"excerpt":{"rendered":"<p>About me I\u2019m Megane, a counsellor and Human Design practitioner, supporting people who feel overwhelmed, disconnected, or at a turning [&hellip;]<\/p>","protected":false},"author":1,"featured_media":0,"parent":0,"menu_order":0,"comment_status":"closed","ping_status":"closed","template":"","meta":{"site-sidebar-layout":"no-sidebar","site-content-layout":"","ast-site-content-layout":"full-width-container","site-content-style":"default","site-sidebar-style":"default","ast-global-header-display":"","ast-banner-title-visibility":"","ast-main-header-display":"","ast-hfb-above-header-display":"","ast-hfb-below-header-display":"","ast-hfb-mobile-header-display":"","site-post-title":"","ast-breadcrumbs-content":"","ast-featured-img":"disabled","footer-sml-layout":"","ast-disable-related-posts":"","theme-transparent-header-meta":"","adv-header-id-meta":"","stick-header-meta":"","header-above-stick-meta":"","header-main-stick-meta":"","header-below-stick-meta":"","astra-migrate-meta-layouts":"default","ast-page-background-enabled":"default","ast-page-background-meta":{"desktop":{"background-color":"var(--ast-global-color-5)","background-image":"","background-repeat":"repeat","background-position":"center center","background-size":"auto","background-attachment":"scroll","background-type":"","background-media":"","overlay-type":"","overlay-color":"","overlay-opacity":"","overlay-gradient":""},"tablet":{"background-color":"","background-image":"","background-repeat":"repeat","background-position":"center center","background-size":"auto","background-attachment":"scroll","background-type":"","background-media":"","overlay-type":"","overlay-color":"","overlay-opacity":"","overlay-gradient":""},"mobile":{"background-color":"","background-image":"","background-repeat":"repeat","background-position":"center center","background-size":"auto","background-attachment":"scroll","background-type":"","background-media":"","overlay-type":"","overlay-color":"","overlay-opacity":"","overlay-gradient":""}},"ast-content-background-meta":{"desktop":{"background-color":"var(--ast-global-color-4)","background-image":"","background-repeat":"repeat","background-position":"center center","background-size":"auto","background-attachment":"scroll","background-type":"","background-media":"","overlay-type":"","overlay-color":"","overlay-opacity":"","overlay-gradient":""},"tablet":{"background-color":"var(--ast-global-color-4)","background-image":"","background-repeat":"repeat","background-position":"center center","background-size":"auto","background-attachment":"scroll","background-type":"","background-media":"","overlay-type":"","overlay-color":"","overlay-opacity":"","overlay-gradient":""},"mobile":{"background-color":"var(--ast-global-color-4)","background-image":"","background-repeat":"repeat","background-position":"center center","background-size":"auto","background-attachment":"scroll","background-type":"","background-media":"","overlay-type":"","overlay-color":"","overlay-opacity":"","overlay-gradient":""}},"footnotes":""},"class_list":["post-13","page","type-page","status-publish","hentry"],"_hostinger_reach_plugin_has_subscription_block":false,"_hostinger_reach_plugin_is_elementor":false,"_links":{"self":[{"href":"https:\/\/effervessence-test.com\/fr\/wp-json\/wp\/v2\/pages\/13","targetHints":{"allow":["GET"]}}],"collection":[{"href":"https:\/\/effervessence-test.com\/fr\/wp-json\/wp\/v2\/pages"}],"about":[{"href":"https:\/\/effervessence-test.com\/fr\/wp-json\/wp\/v2\/types\/page"}],"author":[{"embeddable":true,"href":"https:\/\/effervessence-test.com\/fr\/wp-json\/wp\/v2\/users\/1"}],"replies":[{"embeddable":true,"href":"https:\/\/effervessence-test.com\/fr\/wp-json\/wp\/v2\/comments?post=13"}],"version-history":[{"count":16,"href":"https:\/\/effervessence-test.com\/fr\/wp-json\/wp\/v2\/pages\/13\/revisions"}],"predecessor-version":[{"id":317,"href":"https:\/\/effervessence-test.com\/fr\/wp-json\/wp\/v2\/pages\/13\/revisions\/317"}],"wp:attachment":[{"href":"https:\/\/effervessence-test.com\/fr\/wp-json\/wp\/v2\/media?parent=13"}],"curies":[{"name":"wp","href":"https:\/\/api.w.org\/{rel}","templated":true}]}}