{"id":10,"date":"2025-12-21T04:46:18","date_gmt":"2025-12-21T04:46:18","guid":{"rendered":"https:\/\/ivory-barracuda-393310.hostingersite.com\/?page_id=10"},"modified":"2026-01-15T08:44:46","modified_gmt":"2026-01-15T08:44:46","slug":"home","status":"publish","type":"page","link":"https:\/\/effervessence-test.com\/fr\/","title":{"rendered":"Accueil"},"content":{"rendered":"<div data-elementor-type=\"wp-page\" data-elementor-id=\"10\" class=\"elementor elementor-10\">\n\t\t\t\t<div class=\"elementor-element elementor-element-a7605c9 e-flex e-con-boxed e-con e-parent\" data-id=\"a7605c9\" data-element_type=\"container\">\n\t\t\t\t\t<div class=\"e-con-inner\">\n\t\t\t\t<div class=\"elementor-element elementor-element-66654ed elementor-widget elementor-widget-heading\" data-id=\"66654ed\" data-element_type=\"widget\" data-widget_type=\"heading.default\">\n\t\t\t\t\t<h1 class=\"elementor-heading-title elementor-size-default\">Quand tout semble flou, tu n\u2019as pas \u00e0 tout traverser seul\u00b7e.<\/h1>\t\t\t\t<\/div>\n\t\t\t\t<div class=\"elementor-element elementor-element-09c0b31 elementor-widget elementor-widget-text-editor\" data-id=\"09c0b31\" data-element_type=\"widget\" data-widget_type=\"text-editor.default\">\n\t\t\t\t\t\t\t\t\t<p>Si tu te sens bloqu\u00e9\u00b7e, d\u00e9connect\u00e9\u00b7e, ou \u00e0 un tournant de ta vie \u2014 que ce soit apr\u00e8s un burn-out, une p\u00e9riode d\u2019\u00e9puisement prolong\u00e9, ou un questionnement profond \u2014 je t\u2019offre un espace s\u00e9curisant pour ralentir, te reconnecter \u00e0 toi-m\u00eame et avancer avec plus de clart\u00e9.<\/p>\t\t\t\t\t\t\t\t<\/div>\n\t\t\t\t<div class=\"elementor-element elementor-element-eb6fd3c elementor-widget elementor-widget-button\" data-id=\"eb6fd3c\" data-element_type=\"widget\" data-widget_type=\"button.default\">\n\t\t\t\t\t\t\t\t\t\t<a class=\"elementor-button elementor-button-link elementor-size-sm\" href=\"https:\/\/calendly.com\/megane-salgado88\/appel-decouverte-fr\">\n\t\t\t\t\t\t<span class=\"elementor-button-content-wrapper\">\n\t\t\t\t\t\t\t\t\t<span class=\"elementor-button-text\">R\u00e9server un appel d\u00e9couverte gratuit<\/span>\n\t\t\t\t\t<\/span>\n\t\t\t\t\t<\/a>\n\t\t\t\t\t\t\t\t<\/div>\n\t\t\t\t\t<\/div>\n\t\t\t\t<\/div>\n\t\t<div class=\"elementor-element elementor-element-accf655 e-flex e-con-boxed e-con e-parent\" data-id=\"accf655\" data-element_type=\"container\">\n\t\t\t\t\t<div class=\"e-con-inner\">\n\t\t\t\t<div class=\"elementor-element elementor-element-52b9095 elementor-widget elementor-widget-heading\" data-id=\"52b9095\" data-element_type=\"widget\" data-widget_type=\"heading.default\">\n\t\t\t\t\t<h2 class=\"elementor-heading-title elementor-size-default\">Tu es peut-\u00eatre dans une p\u00e9riode o\u00f9\u2026<\/h2>\t\t\t\t<\/div>\n\t\t\t\t<div class=\"elementor-element elementor-element-17ed086 elementor-widget elementor-widget-text-editor\" data-id=\"17ed086\" data-element_type=\"widget\" data-widget_type=\"text-editor.default\">\n\t\t\t\t\t\t\t\t\t<ul><li data-start=\"1105\" data-end=\"1170\"><p data-start=\"1107\" data-end=\"1170\">Tu sors d\u2019un burn-out, ou tu te sens proche de l\u2019\u00e9puisement<\/p><\/li><li data-start=\"1171\" data-end=\"1220\"><p data-start=\"1173\" data-end=\"1220\">Tu te sens perdu\u00b7e ou incertain\u00b7e quant \u00e0 la suite<\/p><\/li><li data-start=\"1221\" data-end=\"1301\"><p data-start=\"1223\" data-end=\"1301\">Tu traverses une transition et tu ne te reconnais plus vraiment<\/p><\/li><li data-start=\"1302\" data-end=\"1350\"><p data-start=\"1304\" data-end=\"1350\">Tu suranalyses beaucoup, sans r\u00e9ussir \u00e0 avancer<\/p><\/li><li data-start=\"1351\" data-end=\"1410\"><p data-start=\"1353\" data-end=\"1410\">Tu recherches de la clart\u00e9, mais aussi de la douceur et de la compr\u00e9hension<\/p><\/li><\/ul>\t\t\t\t\t\t\t\t<\/div>\n\t\t\t\t<div class=\"elementor-element elementor-element-83da489 elementor-widget elementor-widget-button\" data-id=\"83da489\" data-element_type=\"widget\" data-widget_type=\"button.default\">\n\t\t\t\t\t\t\t\t\t\t<a class=\"elementor-button elementor-button-link elementor-size-sm\" href=\"https:\/\/ivory-barracuda-393310.hostingersite.com\/services\/\">\n\t\t\t\t\t\t<span class=\"elementor-button-content-wrapper\">\n\t\t\t\t\t\t\t\t\t<span class=\"elementor-button-text\">D\u00e9couvrir mes accompagnements \u2192<\/span>\n\t\t\t\t\t<\/span>\n\t\t\t\t\t<\/a>\n\t\t\t\t\t\t\t\t<\/div>\n\t\t\t\t<div class=\"elementor-element elementor-element-9a77235 elementor-widget elementor-widget-heading\" data-id=\"9a77235\" data-element_type=\"widget\" data-widget_type=\"heading.default\">\n\t\t\t\t\t<h2 class=\"elementor-heading-title elementor-size-default\">Cela n\u2019a pas \u00e0 rester ainsi.<\/h2>\t\t\t\t<\/div>\n\t\t\t\t<div class=\"elementor-element elementor-element-8e93c87 elementor-widget elementor-widget-text-editor\" data-id=\"8e93c87\" data-element_type=\"widget\" data-widget_type=\"text-editor.default\">\n\t\t\t\t\t\t\t\t\t<p>Avec le bon accompagnement, les p\u00e9riodes de flou, d\u2019\u00e9puisement ou de remise en question peuvent devenir de v\u00e9ritables points de bascule.<br data-start=\"1557\" data-end=\"1560\" \/>Ensemble, nous cr\u00e9ons un espace pour te reconnecter \u00e0 ce qui compte vraiment pour toi, restaurer la confiance en toi et avancer d\u2019une mani\u00e8re plus align\u00e9e, ancr\u00e9e et durable.<\/p>\t\t\t\t\t\t\t\t<\/div>\n\t\t\t\t<div class=\"elementor-element elementor-element-2114337 elementor-widget elementor-widget-heading\" data-id=\"2114337\" data-element_type=\"widget\" data-widget_type=\"heading.default\">\n\t\t\t\t\t<h2 class=\"elementor-heading-title elementor-size-default\">Comment je t\u2019accompagne<\/h2>\t\t\t\t<\/div>\n\t\t\t\t<div class=\"elementor-element elementor-element-4db3f5c elementor-widget elementor-widget-text-editor\" data-id=\"4db3f5c\" data-element_type=\"widget\" data-widget_type=\"text-editor.default\">\n\t\t\t\t\t\t\t\t\t<p data-start=\"2590\" data-end=\"2744\">Mon approche combine des outils de counselling et des cl\u00e9s issues du Human Design, pour soutenir \u00e0 la fois le v\u00e9cu \u00e9motionnel et une meilleure compr\u00e9hension de soi.<\/p><p data-start=\"2590\" data-end=\"2744\"><span style=\"font-style: inherit; font-weight: inherit;\">Je t\u2019accueille l\u00e0 o\u00f9 tu en es, sans jugement ni pression, et je t\u2019accompagne \u00e0 ton rythme \u2014 avec pr\u00e9sence, clart\u00e9 et bienveillance \u2014 en respectant ton \u00e9nergie, notamment si tu te remets d\u2019un burn-out ou d\u2019un \u00e9puisement profond.\n\nIl ne s\u2019agit pas de te \u201cr\u00e9parer\u201d, mais de te reconnecter \u00e0 qui tu es et d\u2019avancer d\u2019une mani\u00e8re qui te ressemble vraiment.<\/span><\/p><p data-start=\"2746\" data-end=\"2895\">This isn\u2019t about fixing yourself \u2014 it\u2019s about reconnecting with who you are and moving forward in a way that feels true to you.<\/p>\t\t\t\t\t\t\t\t<\/div>\n\t\t<div class=\"elementor-element elementor-element-58c6624 e-con-full e-flex e-con e-child\" data-id=\"58c6624\" data-element_type=\"container\">\n\t\t\t\t<div class=\"elementor-element elementor-element-e77f901 elementor-widget elementor-widget-heading\" data-id=\"e77f901\" data-element_type=\"widget\" data-widget_type=\"heading.default\">\n\t\t\t\t\t<h2 class=\"elementor-heading-title elementor-size-default\">Retours de personnes accompagn\u00e9es<\/h2>\t\t\t\t<\/div>\n\t\t<div class=\"elementor-element elementor-element-9a78a37 e-con-full e-flex e-con e-child\" data-id=\"9a78a37\" data-element_type=\"container\">\n\t\t\t\t<div class=\"elementor-element elementor-element-569b234 elementor-widget elementor-widget-image\" data-id=\"569b234\" data-element_type=\"widget\" data-widget_type=\"image.default\">\n\t\t\t\t\t\t\t\t\t\t\t\t\t\t\t<img fetchpriority=\"high\" decoding=\"async\" width=\"372\" height=\"383\" src=\"https:\/\/effervessence-test.com\/wp-content\/uploads\/2026\/01\/EN-TESTIMONIAL-1.jpg\" class=\"attachment-large size-large wp-image-288\" alt=\"\" srcset=\"https:\/\/effervessence-test.com\/wp-content\/uploads\/2026\/01\/EN-TESTIMONIAL-1.jpg 372w, https:\/\/effervessence-test.com\/wp-content\/uploads\/2026\/01\/EN-TESTIMONIAL-1-291x300.jpg 291w, https:\/\/effervessence-test.com\/wp-content\/uploads\/2026\/01\/EN-TESTIMONIAL-1-12x12.jpg 12w\" sizes=\"(max-width: 372px) 100vw, 372px\" \/>\t\t\t\t\t\t\t\t\t\t\t\t\t\t\t<\/div>\n\t\t\t\t<div class=\"elementor-element elementor-element-2d54c7d elementor-widget elementor-widget-image\" data-id=\"2d54c7d\" data-element_type=\"widget\" data-widget_type=\"image.default\">\n\t\t\t\t\t\t\t\t\t\t\t\t\t\t\t<img decoding=\"async\" width=\"365\" height=\"354\" src=\"https:\/\/effervessence-test.com\/wp-content\/uploads\/2026\/01\/EN-TESTIMONIAL-2.jpg\" class=\"attachment-large size-large wp-image-289\" alt=\"\" srcset=\"https:\/\/effervessence-test.com\/wp-content\/uploads\/2026\/01\/EN-TESTIMONIAL-2.jpg 365w, https:\/\/effervessence-test.com\/wp-content\/uploads\/2026\/01\/EN-TESTIMONIAL-2-300x291.jpg 300w, https:\/\/effervessence-test.com\/wp-content\/uploads\/2026\/01\/EN-TESTIMONIAL-2-12x12.jpg 12w\" sizes=\"(max-width: 365px) 100vw, 365px\" \/>\t\t\t\t\t\t\t\t\t\t\t\t\t\t\t<\/div>\n\t\t\t\t<div class=\"elementor-element elementor-element-e489260 elementor-widget elementor-widget-image\" data-id=\"e489260\" data-element_type=\"widget\" data-widget_type=\"image.default\">\n\t\t\t\t\t\t\t\t\t\t\t\t\t\t\t<img decoding=\"async\" width=\"370\" height=\"192\" src=\"https:\/\/effervessence-test.com\/wp-content\/uploads\/2026\/01\/EN-TESTIMONIAL-3.jpg\" class=\"attachment-large size-large wp-image-290\" alt=\"\" srcset=\"https:\/\/effervessence-test.com\/wp-content\/uploads\/2026\/01\/EN-TESTIMONIAL-3.jpg 370w, https:\/\/effervessence-test.com\/wp-content\/uploads\/2026\/01\/EN-TESTIMONIAL-3-300x156.jpg 300w, https:\/\/effervessence-test.com\/wp-content\/uploads\/2026\/01\/EN-TESTIMONIAL-3-18x9.jpg 18w\" sizes=\"(max-width: 370px) 100vw, 370px\" \/>\t\t\t\t\t\t\t\t\t\t\t\t\t\t\t<\/div>\n\t\t\t\t<\/div>\n\t\t\t\t<div class=\"elementor-element elementor-element-6d23379 elementor-widget elementor-widget-text-editor\" data-id=\"6d23379\" data-element_type=\"widget\" data-widget_type=\"text-editor.default\">\n\t\t\t\t\t\t\t\t\t<p>Chaque exp\u00e9rience est unique, mais se sentir \u00e9cout\u00e9\u00b7e, soutenu\u00b7e et compris\u00b7e est au c\u0153ur de mes accompagnements.<\/p>\t\t\t\t\t\t\t\t<\/div>\n\t\t\t\t<\/div>\n\t\t<div class=\"elementor-element elementor-element-a31a668 e-flex e-con-boxed e-con e-child\" data-id=\"a31a668\" data-element_type=\"container\">\n\t\t\t\t\t<div class=\"e-con-inner\">\n\t\t\t\t<div class=\"elementor-element elementor-element-bc1ed84 elementor-widget elementor-widget-heading\" data-id=\"bc1ed84\" data-element_type=\"widget\" data-widget_type=\"heading.default\">\n\t\t\t\t\t<h2 class=\"elementor-heading-title elementor-size-default\">Un espace pour des transformations profondes<\/h2>\t\t\t\t<\/div>\n\t\t<div class=\"elementor-element elementor-element-ad07b26 e-con-full e-flex e-con e-child\" data-id=\"ad07b26\" data-element_type=\"container\">\n\t\t\t\t<div class=\"elementor-element elementor-element-82e1b3c elementor-widget elementor-widget-heading\" data-id=\"82e1b3c\" data-element_type=\"widget\" data-widget_type=\"heading.default\">\n\t\t\t\t\t<h3 class=\"elementor-heading-title elementor-size-default\">Comment les personnes arrivent souvent<\/h3>\t\t\t\t<\/div>\n\t\t\t\t<\/div>\n\t\t\t\t<div class=\"elementor-element elementor-element-493440a elementor-widget elementor-widget-text-editor\" data-id=\"493440a\" data-element_type=\"widget\" data-widget_type=\"text-editor.default\">\n\t\t\t\t\t\t\t\t\t<p data-start=\"1092\" data-end=\"1225\">Les personnes arrivent g\u00e9n\u00e9ralement avec une sensation de surcharge ou d\u2019\u00e9puisement \u00e9motionnel, une d\u00e9connexion d\u2019elles-m\u00eames, et un flou sur ce dont elles ont r\u00e9ellement besoin.<\/p><p data-start=\"1227\" data-end=\"1382\">Il y a souvent beaucoup de bruit int\u00e9rieur \u2014 des ruminations, des doutes, et l\u2019impression d\u2019avoir tenu trop longtemps sans vraiment s\u2019\u00e9couter.<\/p><p data-start=\"1384\" data-end=\"1540\">Elles viennent aussi avec une soif sinc\u00e8re de mieux se conna\u00eetre, de comprendre leur fonctionnement, et de retrouver une \u00e9nergie plus align\u00e9e et pleinement utilis\u00e9e.<\/p>\t\t\t\t\t\t\t\t<\/div>\n\t\t\t\t<div class=\"elementor-element elementor-element-a0d3625 elementor-widget elementor-widget-heading\" data-id=\"a0d3625\" data-element_type=\"widget\" data-widget_type=\"heading.default\">\n\t\t\t\t\t<h3 class=\"elementor-heading-title elementor-size-default\">Comment elles repartent souvent<\/h3>\t\t\t\t<\/div>\n\t\t\t\t<div class=\"elementor-element elementor-element-0aca625 elementor-widget elementor-widget-text-editor\" data-id=\"0aca625\" data-element_type=\"widget\" data-widget_type=\"text-editor.default\">\n\t\t\t\t\t\t\t\t\t<p data-start=\"1572\" data-end=\"1701\">Avec le temps, beaucoup repartent plus apais\u00e9es et ancr\u00e9es, avec davantage de clart\u00e9 sur qui elles sont et la direction \u00e0 prendre.<\/p><p data-start=\"1703\" data-end=\"1862\">Elles se sentent plus connect\u00e9es \u00e0 elles-m\u00eames, plus confiantes dans leurs d\u00e9cisions, et mieux \u00e9quip\u00e9es pour avancer avec plus de justesse, de stabilit\u00e9 et de douceur envers elles-m\u00eames.<\/p>\t\t\t\t\t\t\t\t<\/div>\n\t\t\t\t<div class=\"elementor-element elementor-element-82aee0b elementor-widget elementor-widget-text-editor\" data-id=\"82aee0b\" data-element_type=\"widget\" data-widget_type=\"text-editor.default\">\n\t\t\t\t\t\t\t\t\t<p>Il ne s\u2019agit pas de se \u201cr\u00e9parer\u201d ou de devenir quelqu\u2019un d\u2019autre,<br data-start=\"1926\" data-end=\"1929\" \/>mais de se reconnecter \u00e0 qui tu es et d\u2019avancer d\u2019une mani\u00e8re align\u00e9e, durable et respectueuse de toi.<\/p>\t\t\t\t\t\t\t\t<\/div>\n\t\t\t\t\t<\/div>\n\t\t\t\t<\/div>\n\t\t\t\t<div class=\"elementor-element elementor-element-8218c22 elementor-widget elementor-widget-heading\" data-id=\"8218c22\" data-element_type=\"widget\" data-widget_type=\"heading.default\">\n\t\t\t\t\t<h2 class=\"elementor-heading-title elementor-size-default\">Les accompagnements<\/h2>\t\t\t\t<\/div>\n\t\t<div class=\"elementor-element elementor-element-04ce9a2 e-con-full service-card e-flex e-con e-child\" data-id=\"04ce9a2\" data-element_type=\"container\" data-settings=\"{&quot;background_background&quot;:&quot;classic&quot;}\">\n\t\t<div class=\"elementor-element elementor-element-8a7d932 e-con-full e-flex e-con e-child\" data-id=\"8a7d932\" data-element_type=\"container\">\n\t\t\t\t<div class=\"elementor-element elementor-element-e69f64e elementor-widget elementor-widget-heading\" data-id=\"e69f64e\" data-element_type=\"widget\" data-widget_type=\"heading.default\">\n\t\t\t\t\t<h3 class=\"elementor-heading-title elementor-size-default\">Accompagnement individuel (1:1)<\/h3>\t\t\t\t<\/div>\n\t\t\t\t<\/div>\n\t\t\t\t<div class=\"elementor-element elementor-element-be0382d elementor-widget elementor-widget-text-editor\" data-id=\"be0382d\" data-element_type=\"widget\" data-widget_type=\"text-editor.default\">\n\t\t\t\t\t\t\t\t\t<p>Un espace de soutien pour d\u00e9poser ce que tu traverses et avancer pas \u00e0 pas.<\/p>\t\t\t\t\t\t\t\t<\/div>\n\t\t\t\t<div class=\"elementor-element elementor-element-cf83595 elementor-widget elementor-widget-button\" data-id=\"cf83595\" data-element_type=\"widget\" data-widget_type=\"button.default\">\n\t\t\t\t\t\t\t\t\t\t<a class=\"elementor-button elementor-button-link elementor-size-sm\" href=\"https:\/\/ivory-barracuda-393310.hostingersite.com\/services\/\">\n\t\t\t\t\t\t<span class=\"elementor-button-content-wrapper\">\n\t\t\t\t\t\t\t\t\t<span class=\"elementor-button-text\">\u2192 En savoir plus<\/span>\n\t\t\t\t\t<\/span>\n\t\t\t\t\t<\/a>\n\t\t\t\t\t\t\t\t<\/div>\n\t\t\t\t<\/div>\n\t\t<div class=\"elementor-element elementor-element-acdc471 e-con-full service-card e-flex e-con e-child\" data-id=\"acdc471\" data-element_type=\"container\" data-settings=\"{&quot;background_background&quot;:&quot;classic&quot;}\">\n\t\t<div class=\"elementor-element elementor-element-7e31a96 e-con-full e-flex e-con e-child\" data-id=\"7e31a96\" data-element_type=\"container\">\n\t\t\t\t<div class=\"elementor-element elementor-element-ff0b305 elementor-widget elementor-widget-heading\" data-id=\"ff0b305\" data-element_type=\"widget\" data-widget_type=\"heading.default\">\n\t\t\t\t\t<h3 class=\"elementor-heading-title elementor-size-default\">Lecture de Human Design<\/h3>\t\t\t\t<\/div>\n\t\t\t\t<\/div>\n\t\t\t\t<div class=\"elementor-element elementor-element-c225668 elementor-widget elementor-widget-text-editor\" data-id=\"c225668\" data-element_type=\"widget\" data-widget_type=\"text-editor.default\">\n\t\t\t\t\t\t\t\t\t<p>Mieux comprendre ton fonctionnement, ta mani\u00e8re de prendre des d\u00e9cisions et tes forces naturelles.<\/p>\t\t\t\t\t\t\t\t<\/div>\n\t\t\t\t<div class=\"elementor-element elementor-element-0ffbb26 elementor-widget elementor-widget-button\" data-id=\"0ffbb26\" data-element_type=\"widget\" data-widget_type=\"button.default\">\n\t\t\t\t\t\t\t\t\t\t<a class=\"elementor-button elementor-button-link elementor-size-sm\" href=\"https:\/\/ivory-barracuda-393310.hostingersite.com\/services\/\">\n\t\t\t\t\t\t<span class=\"elementor-button-content-wrapper\">\n\t\t\t\t\t\t\t\t\t<span class=\"elementor-button-text\">\u2192 En savoir plus<\/span>\n\t\t\t\t\t<\/span>\n\t\t\t\t\t<\/a>\n\t\t\t\t\t\t\t\t<\/div>\n\t\t\t\t<\/div>\n\t\t<div class=\"elementor-element elementor-element-974200c e-con-full service-card e-flex e-con e-child\" data-id=\"974200c\" data-element_type=\"container\" data-settings=\"{&quot;background_background&quot;:&quot;classic&quot;}\">\n\t\t<div class=\"elementor-element elementor-element-08b8d4c e-con-full e-flex e-con e-child\" data-id=\"08b8d4c\" data-element_type=\"container\">\n\t\t\t\t<div class=\"elementor-element elementor-element-45607bb elementor-widget elementor-widget-heading\" data-id=\"45607bb\" data-element_type=\"widget\" data-widget_type=\"heading.default\">\n\t\t\t\t\t<h3 class=\"elementor-heading-title elementor-size-default\">Personalised Coaching Program<\/h3>\t\t\t\t<\/div>\n\t\t\t\t<\/div>\n\t\t\t\t<div class=\"elementor-element elementor-element-55b8903 elementor-widget elementor-widget-text-editor\" data-id=\"55b8903\" data-element_type=\"widget\" data-widget_type=\"text-editor.default\">\n\t\t\t\t\t\t\t\t\t<p>Un soutien plus approfondi dans le temps, m\u00ealant coaching et Human Design.<\/p>\t\t\t\t\t\t\t\t<\/div>\n\t\t\t\t<div class=\"elementor-element elementor-element-8955373 elementor-widget elementor-widget-button\" data-id=\"8955373\" data-element_type=\"widget\" data-widget_type=\"button.default\">\n\t\t\t\t\t\t\t\t\t\t<a class=\"elementor-button elementor-button-link elementor-size-sm\" href=\"https:\/\/ivory-barracuda-393310.hostingersite.com\/services\/\">\n\t\t\t\t\t\t<span class=\"elementor-button-content-wrapper\">\n\t\t\t\t\t\t\t\t\t<span class=\"elementor-button-text\">\u2192 En savoir plus<\/span>\n\t\t\t\t\t<\/span>\n\t\t\t\t\t<\/a>\n\t\t\t\t\t\t\t\t<\/div>\n\t\t\t\t<\/div>\n\t\t\t\t<div class=\"elementor-element elementor-element-4ea24fd elementor-widget elementor-widget-heading\" data-id=\"4ea24fd\" data-element_type=\"widget\" data-widget_type=\"heading.default\">\n\t\t\t\t\t<h2 class=\"elementor-heading-title elementor-size-default\">Ready to begin?  Or you are not sure where to start? <\/h2>\t\t\t\t<\/div>\n\t\t\t\t\t<\/div>\n\t\t\t\t<\/div>\n\t\t<div class=\"elementor-element elementor-element-f1ec1e9 e-flex e-con-boxed e-con e-parent\" data-id=\"f1ec1e9\" data-element_type=\"container\">\n\t\t\t\t\t<div class=\"e-con-inner\">\n\t\t\t\t<div class=\"elementor-element elementor-element-a6d0db4 elementor-widget elementor-widget-text-editor\" data-id=\"a6d0db4\" data-element_type=\"widget\" data-widget_type=\"text-editor.default\">\n\t\t\t\t\t\t\t\t\t<p data-start=\"357\" data-end=\"408\">Tu n\u2019as pas besoin d\u2019avoir toutes les r\u00e9ponses pour commencer.<\/p><p data-start=\"415\" data-end=\"656\">Si tu ressens l\u2019\u00e9lan d\u2019explorer ce que cet accompagnement pourrait t\u2019apporter, nous pouvons d\u00e9buter par un appel d\u00e9couverte gratuit de 15 minutes \u2014 un espace doux pour faire connaissance, poser tes questions et sentir si cela te correspond, sans engagement.<\/p>\t\t\t\t\t\t\t\t<\/div>\n\t\t\t\t\t<\/div>\n\t\t\t\t<\/div>\n\t\t<div class=\"elementor-element elementor-element-07ea91e e-flex e-con-boxed e-con e-parent\" data-id=\"07ea91e\" data-element_type=\"container\" data-settings=\"{&quot;background_background&quot;:&quot;classic&quot;}\">\n\t\t\t\t\t<div class=\"e-con-inner\">\n\t\t\t\t<div class=\"elementor-element elementor-element-9bb6f15 elementor-widget elementor-widget-button\" data-id=\"9bb6f15\" data-element_type=\"widget\" data-widget_type=\"button.default\">\n\t\t\t\t\t\t\t\t\t\t<a class=\"elementor-button elementor-button-link elementor-size-sm\" href=\"https:\/\/calendly.com\/megane-salgado88\/appel-decouverte-fr\">\n\t\t\t\t\t\t<span class=\"elementor-button-content-wrapper\">\n\t\t\t\t\t\t\t\t\t<span class=\"elementor-button-text\">R\u00e9server un appel d\u00e9couverte gratuit<\/span>\n\t\t\t\t\t<\/span>\n\t\t\t\t\t<\/a>\n\t\t\t\t\t\t\t\t<\/div>\n\t\t\t\t\t<\/div>\n\t\t\t\t<\/div>\n\t\t\t\t<\/div>","protected":false},"excerpt":{"rendered":"<p>When things feel unclear, you don\u2019t have to figure it all out alone. If you\u2019re feeling stuck, disconnected, or at [&hellip;]<\/p>","protected":false},"author":1,"featured_media":0,"parent":0,"menu_order":0,"comment_status":"closed","ping_status":"closed","template":"","meta":{"site-sidebar-layout":"no-sidebar","site-content-layout":"","ast-site-content-layout":"full-width-container","site-content-style":"default","site-sidebar-style":"default","ast-global-header-display":"","ast-banner-title-visibility":"","ast-main-header-display":"","ast-hfb-above-header-display":"","ast-hfb-below-header-display":"","ast-hfb-mobile-header-display":"","site-post-title":"","ast-breadcrumbs-content":"","ast-featured-img":"disabled","footer-sml-layout":"","ast-disable-related-posts":"","theme-transparent-header-meta":"","adv-header-id-meta":"","stick-header-meta":"","header-above-stick-meta":"","header-main-stick-meta":"","header-below-stick-meta":"","astra-migrate-meta-layouts":"default","ast-page-background-enabled":"default","ast-page-background-meta":{"desktop":{"background-color":"var(--ast-global-color-5)","background-image":"","background-repeat":"repeat","background-position":"center center","background-size":"auto","background-attachment":"scroll","background-type":"","background-media":"","overlay-type":"","overlay-color":"","overlay-opacity":"","overlay-gradient":""},"tablet":{"background-color":"","background-image":"","background-repeat":"repeat","background-position":"center center","background-size":"auto","background-attachment":"scroll","background-type":"","background-media":"","overlay-type":"","overlay-color":"","overlay-opacity":"","overlay-gradient":""},"mobile":{"background-color":"","background-image":"","background-repeat":"repeat","background-position":"center center","background-size":"auto","background-attachment":"scroll","background-type":"","background-media":"","overlay-type":"","overlay-color":"","overlay-opacity":"","overlay-gradient":""}},"ast-content-background-meta":{"desktop":{"background-color":"var(--ast-global-color-4)","background-image":"","background-repeat":"repeat","background-position":"center center","background-size":"auto","background-attachment":"scroll","background-type":"","background-media":"","overlay-type":"","overlay-color":"","overlay-opacity":"","overlay-gradient":""},"tablet":{"background-color":"var(--ast-global-color-4)","background-image":"","background-repeat":"repeat","background-position":"center center","background-size":"auto","background-attachment":"scroll","background-type":"","background-media":"","overlay-type":"","overlay-color":"","overlay-opacity":"","overlay-gradient":""},"mobile":{"background-color":"var(--ast-global-color-4)","background-image":"","background-repeat":"repeat","background-position":"center center","background-size":"auto","background-attachment":"scroll","background-type":"","background-media":"","overlay-type":"","overlay-color":"","overlay-opacity":"","overlay-gradient":""}},"footnotes":""},"class_list":["post-10","page","type-page","status-publish","hentry"],"_hostinger_reach_plugin_has_subscription_block":false,"_hostinger_reach_plugin_is_elementor":false,"_links":{"self":[{"href":"https:\/\/effervessence-test.com\/fr\/wp-json\/wp\/v2\/pages\/10","targetHints":{"allow":["GET"]}}],"collection":[{"href":"https:\/\/effervessence-test.com\/fr\/wp-json\/wp\/v2\/pages"}],"about":[{"href":"https:\/\/effervessence-test.com\/fr\/wp-json\/wp\/v2\/types\/page"}],"author":[{"embeddable":true,"href":"https:\/\/effervessence-test.com\/fr\/wp-json\/wp\/v2\/users\/1"}],"replies":[{"embeddable":true,"href":"https:\/\/effervessence-test.com\/fr\/wp-json\/wp\/v2\/comments?post=10"}],"version-history":[{"count":103,"href":"https:\/\/effervessence-test.com\/fr\/wp-json\/wp\/v2\/pages\/10\/revisions"}],"predecessor-version":[{"id":314,"href":"https:\/\/effervessence-test.com\/fr\/wp-json\/wp\/v2\/pages\/10\/revisions\/314"}],"wp:attachment":[{"href":"https:\/\/effervessence-test.com\/fr\/wp-json\/wp\/v2\/media?parent=10"}],"curies":[{"name":"wp","href":"https:\/\/api.w.org\/{rel}","templated":true}]}}